{"id":1641,"date":"2025-12-21T13:05:08","date_gmt":"2025-12-21T13:05:08","guid":{"rendered":"https:\/\/biopharma-logistics.com\/?page_id=1641"},"modified":"2026-03-30T23:00:01","modified_gmt":"2026-03-30T23:00:01","slug":"imprint","status":"publish","type":"page","link":"https:\/\/biopharma-logistics.com\/de\/imprint\/","title":{"rendered":"Impressum"},"content":{"rendered":"<div data-elementor-type=\"wp-page\" data-elementor-id=\"1641\" class=\"elementor elementor-1641\">\n\t\t\t\t<div class=\"elementor-element elementor-element-62f4fb1 e-flex e-con-boxed e-con e-parent\" data-id=\"62f4fb1\" data-element_type=\"container\" data-e-type=\"container\">\n\t\t\t\t\t<div class=\"e-con-inner\">\n\t\t\t\t<div class=\"elementor-element elementor-element-1087689 elementor-widget elementor-widget-heading\" data-id=\"1087689\" data-element_type=\"widget\" data-e-type=\"widget\" data-widget_type=\"heading.default\">\n\t\t\t\t\t<h1 class=\"elementor-heading-title elementor-size-default\">Impressum<\/h1>\t\t\t\t<\/div>\n\t\t\t\t\t<\/div>\n\t\t\t\t<\/div>\n\t\t<div class=\"elementor-element elementor-element-c37dcd9 e-flex e-con-boxed e-con e-parent\" data-id=\"c37dcd9\" data-element_type=\"container\" data-e-type=\"container\">\n\t\t\t\t\t<div class=\"e-con-inner\">\n\t\t\t\t<div class=\"elementor-element elementor-element-eacd486 elementor-widget-divider--view-line elementor-widget elementor-widget-divider\" data-id=\"eacd486\" data-element_type=\"widget\" data-e-type=\"widget\" data-widget_type=\"divider.default\">\n\t\t\t\t\t\t\t<div class=\"elementor-divider\">\n\t\t\t<span class=\"elementor-divider-separator\">\n\t\t\t\t\t\t<\/span>\n\t\t<\/div>\n\t\t\t\t\t\t<\/div>\n\t\t\t\t\t<\/div>\n\t\t\t\t<\/div>\n\t\t<div class=\"elementor-element elementor-element-36b92479 e-flex e-con-boxed e-con e-parent\" data-id=\"36b92479\" data-element_type=\"container\" data-e-type=\"container\">\n\t\t\t\t\t<div class=\"e-con-inner\">\n\t\t\t\t<div class=\"elementor-element elementor-element-1a685499 elementor-widget elementor-widget-text-editor\" data-id=\"1a685499\" data-element_type=\"widget\" data-e-type=\"widget\" data-widget_type=\"text-editor.default\">\n\t\t\t\t\t\t\t\t\t<p>Angaben gem\u00e4\u00df \u00a7 5 Digitale-Dienste-Gesetz (DDG):<\/p>\n<p>Biopharma Logistics GmbH<br \/>Heltorfer Stra\u00dfe 6<br \/>40472 D\u00fcsseldorf<\/p>\n<p>Handelsregister: HRB 111642<br \/>Registergericht: Amtsgericht D\u00fcsseldorf<br \/>USt-IdNr.: DE460136997<\/p>\n<p><strong>Vertreten durch:<\/strong><br \/>Konstantin Zacher (Gesch\u00e4ftsf\u00fchrer)<\/p>\n<p>Verantwortlich f\u00fcr den Inhalt nach \u00a7 55 Abs. 2 RStV:<br \/>Konstantin Zacher, Heltorfer Stra\u00dfe 6, 40472 D\u00fcsseldorf<\/p>\n<p><!-- \/wp:paragraph --><\/p>\t\t\t\t\t\t\t\t<\/div>\n\t\t\t\t<div class=\"elementor-element elementor-element-17d0ff6 elementor-widget elementor-widget-heading\" data-id=\"17d0ff6\" data-element_type=\"widget\" data-e-type=\"widget\" data-widget_type=\"heading.default\">\n\t\t\t\t\t<h2 class=\"elementor-heading-title elementor-size-default\">Kontakt<\/h2>\t\t\t\t<\/div>\n\t\t\t\t<div class=\"elementor-element elementor-element-9e6b81b elementor-widget elementor-widget-text-editor\" data-id=\"9e6b81b\" data-element_type=\"widget\" data-e-type=\"widget\" data-widget_type=\"text-editor.default\">\n\t\t\t\t\t\t\t\t\t<p>Telefon: <a title=\"Telefon +49-(0)211-15760840\" href=\"tel:\/\/+4921190989270\">+49 211 9098 927 0<\/a><br \/>E-Mail: <a href=\"mailto:dus@biopharma-logistics.com\">info@biopharma-logistics.com<\/a><\/p>\t\t\t\t\t\t\t\t<\/div>\n\t\t\t\t<div class=\"elementor-element elementor-element-d9ed133 elementor-widget elementor-widget-heading\" data-id=\"d9ed133\" data-element_type=\"widget\" data-e-type=\"widget\" data-widget_type=\"heading.default\">\n\t\t\t\t\t<h2 class=\"elementor-heading-title elementor-size-default\">Umsatzsteuer-ID<\/h2>\t\t\t\t<\/div>\n\t\t\t\t<div class=\"elementor-element elementor-element-912103a elementor-widget elementor-widget-text-editor\" data-id=\"912103a\" data-element_type=\"widget\" data-e-type=\"widget\" data-widget_type=\"text-editor.default\">\n\t\t\t\t\t\t\t\t\t<div class=\"page\" title=\"Page 2\">\n<div class=\"section\">\n<div class=\"layoutArea\">\n<div class=\"column\">\n<p>Umsatzsteuer-Identifikationsnummer gema\u0308\u00df \u00a7 27 a Umsatzsteuergesetz: DE460136997<\/p>\n<\/div>\n<\/div>\n<\/div>\n<\/div>\t\t\t\t\t\t\t\t<\/div>\n\t\t\t\t<div class=\"elementor-element elementor-element-fb8bd28 elementor-widget elementor-widget-heading\" data-id=\"fb8bd28\" data-element_type=\"widget\" data-e-type=\"widget\" data-widget_type=\"heading.default\">\n\t\t\t\t\t<h2 class=\"elementor-heading-title elementor-size-default\">Berufsrechtliche Regelungen<\/h2>\t\t\t\t<\/div>\n\t\t\t\t<div class=\"elementor-element elementor-element-0ca5ce8 elementor-widget elementor-widget-text-editor\" data-id=\"0ca5ce8\" data-element_type=\"widget\" data-e-type=\"widget\" data-widget_type=\"text-editor.default\">\n\t\t\t\t\t\t\t\t\t<div class=\"page\" title=\"Page 2\">\n<div class=\"section\">\n<div class=\"layoutArea\">\n<div class=\"column\">\n<p>Es gelten folgende berufsrechtliche Regelungen:<\/p>\n<p>ADSp &#8211; Allgemeine Deutsche Spediteurbedingungen einsehbar unter:<br \/><a href=\"https:\/\/www.dslv.org\/de\/adsp\" target=\"_blank\" rel=\"noopener\">https:\/\/www.dslv.org\/de\/adsp<\/a><\/p>\n<p style=\"font-size: 17px; font-style: normal; font-weight: 400;\"><em>Wir arbeiten ausschlie\u00dflich auf Grundlage der Allgemeinen Deutschen Spediteurbedingungen 2017 \u2013 ADSp 2017 \u2013 und \u2013 soweit diese fu\u0308r die Erbringung logistischer Leistungen nicht gelten \u2013 nach den Logistik-AGB 2019. Hinweis: Die ADSp 2017 weichen in Ziffer 23 hinsichtlich des Haftungsho\u0308chstbetrages fu\u0308r Gu\u0308terscha\u0308den (\u00a7 431 HGB) vom Gesetz ab, indem sie die Haftung bei multimodalen Transporten unter Einschluss einer Seebefo\u0308rderung und bei unbekanntem Schadenort auf 2 SZR\/kg und im U\u0308brigen die Regelhaftung von 8,33 SZR\/kg zusa\u0308tzlich auf 1,25 Millionen Euro je Schadenfall sowie 2,5 Millionen Euro je Schadenereignis, mindestens aber 2 SZR\/kg, beschra\u0308nken. Erga\u0308nzend gilt deutsches Recht.<\/em><\/p>\n<\/div>\n<\/div>\n<\/div>\n<\/div>\t\t\t\t\t\t\t\t<\/div>\n\t\t\t\t<div class=\"elementor-element elementor-element-25efe79 elementor-align-left elementor-widget elementor-widget-button\" data-id=\"25efe79\" data-element_type=\"widget\" data-e-type=\"widget\" data-widget_type=\"button.default\">\n\t\t\t\t\t\t\t\t\t\t<a class=\"elementor-button elementor-button-link elementor-size-sm\" href=\"https:\/\/biopharma-logistics.com\/wp-content\/uploads\/2026\/01\/ADSp-2017-DEUTSCH.pdf\">\n\t\t\t\t\t\t<span class=\"elementor-button-content-wrapper\">\n\t\t\t\t\t\t<span class=\"elementor-button-icon\">\n\t\t\t\t<svg aria-hidden=\"true\" class=\"e-font-icon-svg e-far-arrow-alt-circle-down\" viewbox=\"0 0 512 512\" xmlns=\"http:\/\/www.w3.org\/2000\/svg\"><path d=\"M256 8C119 8 8 119 8 256s111 248 248 248 248-111 248-248S393 8 256 8zm0 448c-110.5 0-200-89.5-200-200S145.5 56 256 56s200 89.5 200 200-89.5 200-200 200zm-32-316v116h-67c-10.7 0-16 12.9-8.5 20.5l99 99c4.7 4.7 12.3 4.7 17 0l99-99c7.6-7.6 2.2-20.5-8.5-20.5h-67V140c0-6.6-5.4-12-12-12h-40c-6.6 0-12 5.4-12 12z\"><\/path><\/svg>\t\t\t<\/span>\n\t\t\t\t\t\t\t\t\t<span class=\"elementor-button-text\">Download ADSp 2017 (GER)<\/span>\n\t\t\t\t\t<\/span>\n\t\t\t\t\t<\/a>\n\t\t\t\t\t\t\t\t<\/div>\n\t\t\t\t<div class=\"elementor-element elementor-element-502c37d elementor-widget elementor-widget-text-editor\" data-id=\"502c37d\" data-element_type=\"widget\" data-e-type=\"widget\" data-widget_type=\"text-editor.default\">\n\t\t\t\t\t\t\t\t\t<div class=\"page\" title=\"Page 2\">\n<div class=\"section\">\n<div class=\"layoutArea\">\n<div class=\"column\">\n<p style=\"font-size: 17px; font-style: normal; font-weight: 400;\"><em>We operate exclusively in accordance with the Allgemeine Deutsche Spediteurbedingungen 2017 \u2013 ADSp 2017 \u2013 (German Freight Forwarders&#8217; General Terms and Conditions 2017) and \u2013 if they do not apply for performing logistics services \u2013 with the Logistic-AGB 2019 (General Terms and Conditions of Logistics-Services Providers). Note: In clause 23 the ADSp 2017 deviate from the statutory liability limitation in section 431 German Commercial Code (HGB) by limiting the liability for multimodal transportation with the involvement of sea carriage and an unknown damage location to 2 SDR\/kg and, for the rest, the customary liability limitation of 8,33 SDR\/kg additionally to Euro 1,25 million per damage claim and EUR 2,5 million per damage event, but not less than 2 SDR\/kg. In addition, German law applies.<\/em><\/p>\n<\/div>\n<\/div>\n<\/div>\n<\/div>\t\t\t\t\t\t\t\t<\/div>\n\t\t\t\t<div class=\"elementor-element elementor-element-e01d0f5 elementor-align-left elementor-widget elementor-widget-button\" data-id=\"e01d0f5\" data-element_type=\"widget\" data-e-type=\"widget\" data-widget_type=\"button.default\">\n\t\t\t\t\t\t\t\t\t\t<a class=\"elementor-button elementor-button-link elementor-size-sm\" href=\"https:\/\/biopharma-logistics.com\/wp-content\/uploads\/2026\/01\/ADSp-2017-ENGLISH.pdf\">\n\t\t\t\t\t\t<span class=\"elementor-button-content-wrapper\">\n\t\t\t\t\t\t<span class=\"elementor-button-icon\">\n\t\t\t\t<svg aria-hidden=\"true\" class=\"e-font-icon-svg e-far-arrow-alt-circle-down\" viewbox=\"0 0 512 512\" xmlns=\"http:\/\/www.w3.org\/2000\/svg\"><path d=\"M256 8C119 8 8 119 8 256s111 248 248 248 248-111 248-248S393 8 256 8zm0 448c-110.5 0-200-89.5-200-200S145.5 56 256 56s200 89.5 200 200-89.5 200-200 200zm-32-316v116h-67c-10.7 0-16 12.9-8.5 20.5l99 99c4.7 4.7 12.3 4.7 17 0l99-99c7.6-7.6 2.2-20.5-8.5-20.5h-67V140c0-6.6-5.4-12-12-12h-40c-6.6 0-12 5.4-12 12z\"><\/path><\/svg>\t\t\t<\/span>\n\t\t\t\t\t\t\t\t\t<span class=\"elementor-button-text\">Download ADSp 2017 (ENG)<\/span>\n\t\t\t\t\t<\/span>\n\t\t\t\t\t<\/a>\n\t\t\t\t\t\t\t\t<\/div>\n\t\t\t\t\t<\/div>\n\t\t\t\t<\/div>\n\t\t\t\t<\/div>","protected":false},"excerpt":{"rendered":"<p>Impressum Angaben gem\u00e4\u00df \u00a7 5 Digitale-Dienste-Gesetz (DDG): Biopharma Logistics GmbHHeltorfer Stra\u00dfe 640472 D\u00fcsseldorf Handelsregister: HRB 111642Registergericht: Amtsgericht D\u00fcsseldorfUSt-IdNr.: DE460136997 Vertreten durch:Konstantin Zacher (Gesch\u00e4ftsf\u00fchrer) Verantwortlich f\u00fcr [&hellip;]<\/p>\n","protected":false},"author":1,"featured_media":0,"parent":0,"menu_order":0,"comment_status":"closed","ping_status":"closed","template":"elementor_header_footer","meta":{"_uag_custom_page_level_css":"","site-sidebar-layout":"default","site-content-layout":"","ast-site-content-layout":"default","site-content-style":"default","site-sidebar-style":"default","ast-global-header-display":"","ast-banner-title-visibility":"","ast-main-header-display":"","ast-hfb-above-header-display":"","ast-hfb-below-header-display":"","ast-hfb-mobile-header-display":"","site-post-title":"disabled","ast-breadcrumbs-content":"","ast-featured-img":"","footer-sml-layout":"","ast-disable-related-posts":"","theme-transparent-header-meta":"enabled","adv-header-id-meta":"","stick-header-meta":"","header-above-stick-meta":"","header-main-stick-meta":"","header-below-stick-meta":"","astra-migrate-meta-layouts":"set","ast-page-background-enabled":"default","ast-page-background-meta":{"desktop":{"background-color":"","background-image":"","background-repeat":"repeat","background-position":"center center","background-size":"auto","background-attachment":"scroll","background-type":"","background-media":"","overlay-type":"","overlay-color":"","overlay-opacity":"","overlay-gradient":""},"tablet":{"background-color":"","background-image":"","background-repeat":"repeat","background-position":"center center","background-size":"auto","background-attachment":"scroll","background-type":"","background-media":"","overlay-type":"","overlay-color":"","overlay-opacity":"","overlay-gradient":""},"mobile":{"background-color":"","background-image":"","background-repeat":"repeat","background-position":"center center","background-size":"auto","background-attachment":"scroll","background-type":"","background-media":"","overlay-type":"","overlay-color":"","overlay-opacity":"","overlay-gradient":""}},"ast-content-background-meta":{"desktop":{"background-color":"var(--ast-global-color-5)","background-image":"","background-repeat":"repeat","background-position":"center center","background-size":"auto","background-attachment":"scroll","background-type":"","background-media":"","overlay-type":"","overlay-color":"","overlay-opacity":"","overlay-gradient":""},"tablet":{"background-color":"var(--ast-global-color-5)","background-image":"","background-repeat":"repeat","background-position":"center center","background-size":"auto","background-attachment":"scroll","background-type":"","background-media":"","overlay-type":"","overlay-color":"","overlay-opacity":"","overlay-gradient":""},"mobile":{"background-color":"var(--ast-global-color-5)","background-image":"","background-repeat":"repeat","background-position":"center center","background-size":"auto","background-attachment":"scroll","background-type":"","background-media":"","overlay-type":"","overlay-color":"","overlay-opacity":"","overlay-gradient":""}},"footnotes":""},"folder":[19],"class_list":["post-1641","page","type-page","status-publish","hentry"],"uagb_featured_image_src":{"full":false,"thumbnail":false,"medium":false,"medium_large":false,"large":false,"1536x1536":false,"2048x2048":false,"trp-custom-language-flag":false},"uagb_author_info":{"display_name":"763538pwpadmin","author_link":"https:\/\/biopharma-logistics.com\/de\/author\/763538pwpadmin\/"},"uagb_comment_info":0,"uagb_excerpt":"Impressum Angaben gem\u00e4\u00df \u00a7 5 Digitale-Dienste-Gesetz (DDG): Biopharma Logistics GmbHHeltorfer Stra\u00dfe 640472 D\u00fcsseldorf Handelsregister: HRB 111642Registergericht: Amtsgericht D\u00fcsseldorfUSt-IdNr.: DE460136997 Vertreten durch:Konstantin Zacher (Gesch\u00e4ftsf\u00fchrer) Verantwortlich f\u00fcr [&hellip;]","_links":{"self":[{"href":"https:\/\/biopharma-logistics.com\/de\/wp-json\/wp\/v2\/pages\/1641","targetHints":{"allow":["GET"]}}],"collection":[{"href":"https:\/\/biopharma-logistics.com\/de\/wp-json\/wp\/v2\/pages"}],"about":[{"href":"https:\/\/biopharma-logistics.com\/de\/wp-json\/wp\/v2\/types\/page"}],"author":[{"embeddable":true,"href":"https:\/\/biopharma-logistics.com\/de\/wp-json\/wp\/v2\/users\/1"}],"replies":[{"embeddable":true,"href":"https:\/\/biopharma-logistics.com\/de\/wp-json\/wp\/v2\/comments?post=1641"}],"version-history":[{"count":33,"href":"https:\/\/biopharma-logistics.com\/de\/wp-json\/wp\/v2\/pages\/1641\/revisions"}],"predecessor-version":[{"id":2627,"href":"https:\/\/biopharma-logistics.com\/de\/wp-json\/wp\/v2\/pages\/1641\/revisions\/2627"}],"wp:attachment":[{"href":"https:\/\/biopharma-logistics.com\/de\/wp-json\/wp\/v2\/media?parent=1641"}],"wp:term":[{"taxonomy":"folder","embeddable":true,"href":"https:\/\/biopharma-logistics.com\/de\/wp-json\/wp\/v2\/folder?post=1641"}],"curies":[{"name":"wp","href":"https:\/\/api.w.org\/{rel}","templated":true}]}}